{"id":1066,"date":"2025-08-21T12:13:28","date_gmt":"2025-08-21T12:13:28","guid":{"rendered":"https:\/\/mio-site.de\/?page_id=1066"},"modified":"2025-08-21T13:44:10","modified_gmt":"2025-08-21T13:44:10","slug":"formular","status":"publish","type":"page","link":"https:\/\/mio-site.de\/en_en\/formular\/","title":{"rendered":"Formular"},"content":{"rendered":"\t\t<div data-elementor-type=\"wp-page\" data-elementor-id=\"1066\" class=\"elementor elementor-1066\">\n\t\t\t\t<div class=\"elementor-element elementor-element-2c212465 e-flex e-con-boxed wpr-particle-no wpr-jarallax-no wpr-parallax-no wpr-sticky-section-no wpr-equal-height-no e-con e-parent\" data-id=\"2c212465\" data-element_type=\"container\" data-e-type=\"container\">\n\t\t\t\t\t<div class=\"e-con-inner\">\n\t\t\t\t<div class=\"elementor-element elementor-element-ca21f09 elementor-widget-divider--view-line elementor-widget elementor-widget-divider\" data-id=\"ca21f09\" data-element_type=\"widget\" data-e-type=\"widget\" data-widget_type=\"divider.default\">\n\t\t\t\t<div class=\"elementor-widget-container\">\n\t\t\t\t\t\t\t<div class=\"elementor-divider\">\n\t\t\t<span class=\"elementor-divider-separator\">\n\t\t\t\t\t\t<\/span>\n\t\t<\/div>\n\t\t\t\t\t\t<\/div>\n\t\t\t\t<\/div>\n\t\t\t\t<div class=\"elementor-element elementor-element-702951ec elementor-widget elementor-widget-text-editor\" data-id=\"702951ec\" data-element_type=\"widget\" data-e-type=\"widget\" data-widget_type=\"text-editor.default\">\n\t\t\t\t<div class=\"elementor-widget-container\">\n\t\t\t\t\t\t\t\t\t\n<h2 class=\"wp-block-heading\">Willkommen bei der Online-Anmeldung zu unserem Kurs<\/h2>\n\t\t\t\t\t\t\t\t<\/div>\n\t\t\t\t<\/div>\n\t\t\t\t\t<\/div>\n\t\t\t\t<\/div>\n\t\t<div class=\"elementor-element elementor-element-dea98fe e-flex e-con-boxed wpr-particle-no wpr-jarallax-no wpr-parallax-no wpr-sticky-section-no wpr-equal-height-no e-con e-parent\" data-id=\"dea98fe\" data-element_type=\"container\" data-e-type=\"container\">\n\t\t\t\t\t<div class=\"e-con-inner\">\n\t\t\t\t<div class=\"elementor-element elementor-element-8f63324 elementor-widget elementor-widget-text-editor\" data-id=\"8f63324\" data-element_type=\"widget\" data-e-type=\"widget\" data-widget_type=\"text-editor.default\">\n\t\t\t\t<div class=\"elementor-widget-container\">\n\t\t\t\t\t\t\t\t\t<p data-start=\"241\" data-end=\"372\">Vielen Dank f\u00fcr Ihr Interesse! Bitte f\u00fcllen Sie das folgende Formular vollst\u00e4ndig aus, damit wir Ihre Teilnahme vormerken k\u00f6nnen.<\/p>\n<p data-start=\"374\" data-end=\"489\">\ud83d\udd12 Ihre Daten werden selbstverst\u00e4ndlich vertraulich behandelt und ausschlie\u00dflich f\u00fcr die Kursanmeldung verwendet.<\/p>\t\t\t\t\t\t\t\t<\/div>\n\t\t\t\t<\/div>\n\t\t\t\t<div class=\"elementor-element elementor-element-e816c30 elementor-widget elementor-widget-wpforms\" data-id=\"e816c30\" data-element_type=\"widget\" data-e-type=\"widget\" data-widget_type=\"wpforms.default\">\n\t\t\t\t<div class=\"elementor-widget-container\">\n\t\t\t\t\t<div class=\"wpforms-container wpforms-container-full wpforms-block wpforms-block-63552612-2676-4314-9448-a569aea6f1a6 wpforms-render-modern\" id=\"wpforms-1071\"><form id=\"wpforms-form-1071\" class=\"wpforms-validate wpforms-form wpforms-ajax-form\" data-formid=\"1071\" method=\"post\" enctype=\"multipart\/form-data\" action=\"\/en_en\/wp-json\/wp\/v2\/pages\/1066\" data-token=\"b93367585f5107a91056927cc2366073\" data-token-time=\"1777635177\"><noscript class=\"wpforms-error-noscript\">Please enable JavaScript in your browser to complete this form.<\/noscript><div id=\"wpforms-error-noscript\" style=\"display: none;\">Please enable JavaScript in your browser to complete this form.<\/div><div class=\"wpforms-field-container\">\t\t<div id=\"wpforms-1071-field_2-container\"\n\t\t\tclass=\"wpforms-field wpforms-field-text\"\n\t\t\tdata-field-type=\"text\"\n\t\t\tdata-field-id=\"2\"\n\t\t\t>\n\t\t\t<label class=\"wpforms-field-label\" for=\"wpforms-1071-field_2\" >Email Name Textfeld<\/label>\n\t\t\t<input type=\"text\" id=\"wpforms-1071-field_2\" class=\"wpforms-field-medium\" name=\"wpforms[fields][2]\" >\n\t\t<\/div>\n\t\t<div id=\"wpforms-1071-field_1-container\" class=\"wpforms-field wpforms-field-name\" data-field-id=\"1\"><fieldset><legend class=\"wpforms-field-label\">Name <span class=\"wpforms-required-label\" aria-hidden=\"true\">*<\/span><\/legend><div class=\"wpforms-field-row wpforms-field-medium\"><div class=\"wpforms-field-row-block wpforms-first wpforms-one-half\"><input type=\"text\" id=\"wpforms-1071-field_1\" class=\"wpforms-field-name-first wpforms-field-required\" name=\"wpforms[fields][1][first]\" aria-errormessage=\"wpforms-1071-field_1-error\" required><label for=\"wpforms-1071-field_1\" class=\"wpforms-field-sublabel after\">First<\/label><\/div><div class=\"wpforms-field-row-block wpforms-one-half\"><input type=\"text\" id=\"wpforms-1071-field_1-last\" class=\"wpforms-field-name-last wpforms-field-required\" name=\"wpforms[fields][1][last]\" aria-errormessage=\"wpforms-1071-field_1-last-error\" required><label for=\"wpforms-1071-field_1-last\" class=\"wpforms-field-sublabel after\">Last<\/label><\/div><\/div><\/fieldset><\/div><div id=\"wpforms-1071-field_8-container\" class=\"wpforms-field wpforms-field-email\" data-field-id=\"8\"><label class=\"wpforms-field-label\" for=\"wpforms-1071-field_8\">Email <span class=\"wpforms-required-label\" aria-hidden=\"true\">*<\/span><\/label><input type=\"email\" id=\"wpforms-1071-field_8\" class=\"wpforms-field-medium wpforms-field-required\" name=\"wpforms[fields][8]\" spellcheck=\"false\" aria-errormessage=\"wpforms-1071-field_8-error\" required><\/div><div id=\"wpforms-1071-field_4-container\" class=\"wpforms-field wpforms-field-radio\" data-field-id=\"4\"><fieldset><legend class=\"wpforms-field-label\">Wahlmoeglichkeiten Design 1<\/legend><ul id=\"wpforms-1071-field_4\"><li class=\"choice-1 depth-1\"><input type=\"radio\" id=\"wpforms-1071-field_4_1\" name=\"wpforms[fields][4]\" value=\"Ja\" aria-errormessage=\"wpforms-1071-field_4_1-error\"  ><label class=\"wpforms-field-label-inline\" for=\"wpforms-1071-field_4_1\">Ja<\/label><\/li><li class=\"choice-2 depth-1\"><input type=\"radio\" id=\"wpforms-1071-field_4_2\" name=\"wpforms[fields][4]\" value=\"Nein\" aria-errormessage=\"wpforms-1071-field_4_2-error\"  ><label class=\"wpforms-field-label-inline\" for=\"wpforms-1071-field_4_2\">Nein<\/label><\/li><\/ul><\/fieldset><\/div><div id=\"wpforms-1071-field_6-container\" class=\"wpforms-field wpforms-field-select wpforms-field-select-style-classic\" data-field-id=\"6\"><label class=\"wpforms-field-label\" for=\"wpforms-1071-field_6\">Wahlmoeglichkeiten Design 2<\/label><select id=\"wpforms-1071-field_6\" class=\"wpforms-field-medium\" name=\"wpforms[fields][6]\"><option value=\"Option 1\"  class=\"choice-1 depth-1\"  >Option 1<\/option><option value=\"Option 2\"  class=\"choice-2 depth-1\"  >Option 2<\/option><option value=\"Option 3\"  class=\"choice-3 depth-1\"  >Option 3<\/option><option value=\"Option 4\"  class=\"choice-4 depth-1\"  >Option 4<\/option><\/select><\/div><div id=\"wpforms-1071-field_7-container\" class=\"wpforms-field wpforms-field-textarea\" data-field-id=\"7\"><label class=\"wpforms-field-label\" for=\"wpforms-1071-field_7\">Textfeld<\/label><textarea id=\"wpforms-1071-field_7\" class=\"wpforms-field-medium\" name=\"wpforms[fields][7]\" aria-errormessage=\"wpforms-1071-field_7-error\" ><\/textarea><\/div><script>\n\t\t\t\t( function() {\n\t\t\t\t\tconst style = document.createElement( 'style' );\n\t\t\t\t\tstyle.appendChild( document.createTextNode( '#wpforms-1071-field_2-container { position: absolute !important; overflow: hidden !important; display: inline !important; height: 1px !important; width: 1px !important; z-index: -1000 !important; padding: 0 !important; } #wpforms-1071-field_2-container input { visibility: hidden; } #wpforms-conversational-form-page #wpforms-1071-field_2-container label { counter-increment: none; }' ) );\n\t\t\t\t\tdocument.head.appendChild( style );\n\t\t\t\t\tdocument.currentScript?.remove();\n\t\t\t\t} )();\n\t\t\t<\/script><\/div><!-- .wpforms-field-container --><div class=\"wpforms-submit-container\" ><input type=\"hidden\" name=\"wpforms[id]\" value=\"1071\"><input type=\"hidden\" name=\"page_title\" value=\"\"><input type=\"hidden\" name=\"page_url\" value=\"https:\/\/mio-site.de\/en_en\/wp-json\/wp\/v2\/pages\/1066\"><input type=\"hidden\" name=\"url_referer\" value=\"\"><button type=\"submit\" name=\"wpforms[submit]\" id=\"wpforms-submit-1071\" class=\"wpforms-submit\" data-alt-text=\"Einen Moment noch...\" data-submit-text=\"Anmelden\" aria-live=\"assertive\" value=\"wpforms-submit\">Anmelden<\/button><img decoding=\"async\" src=\"https:\/\/mio-site.de\/wp-content\/plugins\/wpforms-lite\/assets\/images\/submit-spin.svg\" class=\"wpforms-submit-spinner\" style=\"display: none;\" width=\"26\" height=\"26\" alt=\"Loading\"><\/div><\/form><\/div>  <!-- .wpforms-container -->\t\t\t\t<\/div>\n\t\t\t\t<\/div>\n\t\t\t\t\t<\/div>\n\t\t\t\t<\/div>\n\t\t\t\t<\/div>\n\t\t","protected":false},"excerpt":{"rendered":"<p>Willkommen bei der Online-Anmeldung zu unserem Kurs Vielen Dank f\u00fcr Ihr Interesse! Bitte f\u00fcllen Sie&#8230;<\/p>","protected":false},"author":2,"featured_media":0,"parent":0,"menu_order":0,"comment_status":"closed","ping_status":"closed","template":"elementor_canvas","meta":{"footnotes":""},"class_list":["post-1066","page","type-page","status-publish","hentry"],"yoast_head":"<!-- This site is optimized with the Yoast SEO plugin v27.5 - https:\/\/yoast.com\/product\/yoast-seo-wordpress\/ -->\n<title>Formular - Mio Online&trade;<\/title>\n<meta name=\"robots\" content=\"index, follow, max-snippet:-1, max-image-preview:large, max-video-preview:-1\" \/>\n<link rel=\"canonical\" href=\"https:\/\/mio-site.de\/en_en\/formular\/\" \/>\n<meta property=\"og:locale\" content=\"en_US\" \/>\n<meta property=\"og:type\" content=\"article\" \/>\n<meta property=\"og:title\" content=\"Formular - Mio Online&trade;\" \/>\n<meta property=\"og:description\" content=\"Willkommen bei der Online-Anmeldung zu unserem Kurs Vielen Dank f\u00fcr Ihr Interesse! Bitte f\u00fcllen Sie...\" \/>\n<meta property=\"og:url\" content=\"https:\/\/mio-site.de\/en_en\/formular\/\" \/>\n<meta property=\"og:site_name\" content=\"Mio Online&trade;\" \/>\n<meta property=\"article:modified_time\" content=\"2025-08-21T13:44:10+00:00\" \/>\n<meta property=\"og:image\" content=\"https:\/\/mio-site.de\/wp-content\/plugins\/wpforms-lite\/assets\/images\/submit-spin.svg\" \/>\n<meta name=\"twitter:card\" content=\"summary_large_image\" \/>\n<meta name=\"twitter:label1\" content=\"Est. reading time\" \/>\n\t<meta name=\"twitter:data1\" content=\"1 minute\" \/>\n<script type=\"application\/ld+json\" class=\"yoast-schema-graph\">{\"@context\":\"https:\\\/\\\/schema.org\",\"@graph\":[{\"@type\":\"WebPage\",\"@id\":\"https:\\\/\\\/mio-site.de\\\/formular\\\/\",\"url\":\"https:\\\/\\\/mio-site.de\\\/formular\\\/\",\"name\":\"Formular - Mio Online&trade;\",\"isPartOf\":{\"@id\":\"https:\\\/\\\/mio-site.de\\\/#website\"},\"primaryImageOfPage\":{\"@id\":\"https:\\\/\\\/mio-site.de\\\/formular\\\/#primaryimage\"},\"image\":{\"@id\":\"https:\\\/\\\/mio-site.de\\\/formular\\\/#primaryimage\"},\"thumbnailUrl\":\"https:\\\/\\\/mio-site.de\\\/wp-content\\\/plugins\\\/wpforms-lite\\\/assets\\\/images\\\/submit-spin.svg\",\"datePublished\":\"2025-08-21T12:13:28+00:00\",\"dateModified\":\"2025-08-21T13:44:10+00:00\",\"breadcrumb\":{\"@id\":\"https:\\\/\\\/mio-site.de\\\/formular\\\/#breadcrumb\"},\"inLanguage\":\"en-US\",\"potentialAction\":[{\"@type\":\"ReadAction\",\"target\":[\"https:\\\/\\\/mio-site.de\\\/formular\\\/\"]}]},{\"@type\":\"ImageObject\",\"inLanguage\":\"en-US\",\"@id\":\"https:\\\/\\\/mio-site.de\\\/formular\\\/#primaryimage\",\"url\":\"https:\\\/\\\/mio-site.de\\\/wp-content\\\/plugins\\\/wpforms-lite\\\/assets\\\/images\\\/submit-spin.svg\",\"contentUrl\":\"https:\\\/\\\/mio-site.de\\\/wp-content\\\/plugins\\\/wpforms-lite\\\/assets\\\/images\\\/submit-spin.svg\"},{\"@type\":\"BreadcrumbList\",\"@id\":\"https:\\\/\\\/mio-site.de\\\/formular\\\/#breadcrumb\",\"itemListElement\":[{\"@type\":\"ListItem\",\"position\":1,\"name\":\"Startseite\",\"item\":\"https:\\\/\\\/mio-site.de\\\/\"},{\"@type\":\"ListItem\",\"position\":2,\"name\":\"Formular\"}]},{\"@type\":\"WebSite\",\"@id\":\"https:\\\/\\\/mio-site.de\\\/#website\",\"url\":\"https:\\\/\\\/mio-site.de\\\/\",\"name\":\"Mio Online\u2122\",\"description\":\"\",\"publisher\":{\"@id\":\"https:\\\/\\\/mio-site.de\\\/#organization\"},\"alternateName\":\"Mio\",\"potentialAction\":[{\"@type\":\"SearchAction\",\"target\":{\"@type\":\"EntryPoint\",\"urlTemplate\":\"https:\\\/\\\/mio-site.de\\\/?s={search_term_string}\"},\"query-input\":{\"@type\":\"PropertyValueSpecification\",\"valueRequired\":true,\"valueName\":\"search_term_string\"}}],\"inLanguage\":\"en-US\"},{\"@type\":\"Organization\",\"@id\":\"https:\\\/\\\/mio-site.de\\\/#organization\",\"name\":\"Mio Online\u2122\",\"alternateName\":\"Mio\",\"url\":\"https:\\\/\\\/mio-site.de\\\/\",\"logo\":{\"@type\":\"ImageObject\",\"inLanguage\":\"en-US\",\"@id\":\"https:\\\/\\\/mio-site.de\\\/#\\\/schema\\\/logo\\\/image\\\/\",\"url\":\"https:\\\/\\\/mio-site.de\\\/wp-content\\\/uploads\\\/2025\\\/08\\\/cropped-Mio-Online-Banner-no-bg-scaled-1.png\",\"contentUrl\":\"https:\\\/\\\/mio-site.de\\\/wp-content\\\/uploads\\\/2025\\\/08\\\/cropped-Mio-Online-Banner-no-bg-scaled-1.png\",\"width\":2560,\"height\":1280,\"caption\":\"Mio Online\u2122\"},\"image\":{\"@id\":\"https:\\\/\\\/mio-site.de\\\/#\\\/schema\\\/logo\\\/image\\\/\"}}]}<\/script>\n<!-- \/ Yoast SEO plugin. -->","yoast_head_json":{"title":"Formular - Mio Online&trade;","robots":{"index":"index","follow":"follow","max-snippet":"max-snippet:-1","max-image-preview":"max-image-preview:large","max-video-preview":"max-video-preview:-1"},"canonical":"https:\/\/mio-site.de\/en_en\/formular\/","og_locale":"en_US","og_type":"article","og_title":"Formular - Mio Online&trade;","og_description":"Willkommen bei der Online-Anmeldung zu unserem Kurs Vielen Dank f\u00fcr Ihr Interesse! Bitte f\u00fcllen Sie...","og_url":"https:\/\/mio-site.de\/en_en\/formular\/","og_site_name":"Mio Online&trade;","article_modified_time":"2025-08-21T13:44:10+00:00","og_image":[{"url":"https:\/\/mio-site.de\/wp-content\/plugins\/wpforms-lite\/assets\/images\/submit-spin.svg","type":"","width":"","height":""}],"twitter_card":"summary_large_image","twitter_misc":{"Est. reading time":"1 minute"},"schema":{"@context":"https:\/\/schema.org","@graph":[{"@type":"WebPage","@id":"https:\/\/mio-site.de\/formular\/","url":"https:\/\/mio-site.de\/formular\/","name":"Formular - Mio Online&trade;","isPartOf":{"@id":"https:\/\/mio-site.de\/#website"},"primaryImageOfPage":{"@id":"https:\/\/mio-site.de\/formular\/#primaryimage"},"image":{"@id":"https:\/\/mio-site.de\/formular\/#primaryimage"},"thumbnailUrl":"https:\/\/mio-site.de\/wp-content\/plugins\/wpforms-lite\/assets\/images\/submit-spin.svg","datePublished":"2025-08-21T12:13:28+00:00","dateModified":"2025-08-21T13:44:10+00:00","breadcrumb":{"@id":"https:\/\/mio-site.de\/formular\/#breadcrumb"},"inLanguage":"en-US","potentialAction":[{"@type":"ReadAction","target":["https:\/\/mio-site.de\/formular\/"]}]},{"@type":"ImageObject","inLanguage":"en-US","@id":"https:\/\/mio-site.de\/formular\/#primaryimage","url":"https:\/\/mio-site.de\/wp-content\/plugins\/wpforms-lite\/assets\/images\/submit-spin.svg","contentUrl":"https:\/\/mio-site.de\/wp-content\/plugins\/wpforms-lite\/assets\/images\/submit-spin.svg"},{"@type":"BreadcrumbList","@id":"https:\/\/mio-site.de\/formular\/#breadcrumb","itemListElement":[{"@type":"ListItem","position":1,"name":"Startseite","item":"https:\/\/mio-site.de\/"},{"@type":"ListItem","position":2,"name":"Formular"}]},{"@type":"WebSite","@id":"https:\/\/mio-site.de\/#website","url":"https:\/\/mio-site.de\/","name":"Mio Online\u2122","description":"","publisher":{"@id":"https:\/\/mio-site.de\/#organization"},"alternateName":"Mio","potentialAction":[{"@type":"SearchAction","target":{"@type":"EntryPoint","urlTemplate":"https:\/\/mio-site.de\/?s={search_term_string}"},"query-input":{"@type":"PropertyValueSpecification","valueRequired":true,"valueName":"search_term_string"}}],"inLanguage":"en-US"},{"@type":"Organization","@id":"https:\/\/mio-site.de\/#organization","name":"Mio Online\u2122","alternateName":"Mio","url":"https:\/\/mio-site.de\/","logo":{"@type":"ImageObject","inLanguage":"en-US","@id":"https:\/\/mio-site.de\/#\/schema\/logo\/image\/","url":"https:\/\/mio-site.de\/wp-content\/uploads\/2025\/08\/cropped-Mio-Online-Banner-no-bg-scaled-1.png","contentUrl":"https:\/\/mio-site.de\/wp-content\/uploads\/2025\/08\/cropped-Mio-Online-Banner-no-bg-scaled-1.png","width":2560,"height":1280,"caption":"Mio Online\u2122"},"image":{"@id":"https:\/\/mio-site.de\/#\/schema\/logo\/image\/"}}]}},"_links":{"self":[{"href":"https:\/\/mio-site.de\/en_en\/wp-json\/wp\/v2\/pages\/1066","targetHints":{"allow":["GET"]}}],"collection":[{"href":"https:\/\/mio-site.de\/en_en\/wp-json\/wp\/v2\/pages"}],"about":[{"href":"https:\/\/mio-site.de\/en_en\/wp-json\/wp\/v2\/types\/page"}],"author":[{"embeddable":true,"href":"https:\/\/mio-site.de\/en_en\/wp-json\/wp\/v2\/users\/2"}],"replies":[{"embeddable":true,"href":"https:\/\/mio-site.de\/en_en\/wp-json\/wp\/v2\/comments?post=1066"}],"version-history":[{"count":13,"href":"https:\/\/mio-site.de\/en_en\/wp-json\/wp\/v2\/pages\/1066\/revisions"}],"predecessor-version":[{"id":1093,"href":"https:\/\/mio-site.de\/en_en\/wp-json\/wp\/v2\/pages\/1066\/revisions\/1093"}],"wp:attachment":[{"href":"https:\/\/mio-site.de\/en_en\/wp-json\/wp\/v2\/media?parent=1066"}],"curies":[{"name":"wp","href":"https:\/\/api.w.org\/{rel}","templated":true}]}}