{"id":409,"date":"2025-01-05T12:49:58","date_gmt":"2025-01-05T12:49:58","guid":{"rendered":"https:\/\/mio-site.de\/?page_id=409"},"modified":"2025-08-16T15:06:34","modified_gmt":"2025-08-16T15:06:34","slug":"ios","status":"publish","type":"page","link":"https:\/\/mio-site.de\/en_en\/ios\/","title":{"rendered":"iOS"},"content":{"rendered":"<p><strong>Lade die Konfigurationsdatei herunter<\/strong><\/p>\n\n\n\n<ul class=\"wp-block-list\">\n<li>Klicke auf den unteren Link, um die App herunterzuladen.<\/li>\n<\/ul>\n\n\n\n<div class=\"wp-block-file\"><a id=\"wp-block-file--media-20b5dd77-c1ca-4e9c-be29-67ace64e15d5\" href=\"https:\/\/mio-site.de\/wp-content\/uploads\/2025\/08\/com.mioonline.app_.mobileconfig\">com.mioonline.app<\/a><a href=\"https:\/\/mio-site.de\/wp-content\/uploads\/2025\/08\/com.mioonline.app_.mobileconfig\" class=\"wp-block-file__button wp-element-button\" download aria-describedby=\"wp-block-file--media-20b5dd77-c1ca-4e9c-be29-67ace64e15d5\">Herunterladen<\/a><\/div>\n\n\n\n<p><strong>Best\u00e4tige das Laden der Konfigurationsdatei<\/strong><\/p>\n\n\n\n<ul class=\"wp-block-list\">\n<li>Nach dem Download wirst du gefragt, ob du eine Installation zulassen m\u00f6chtest.<br>Tippe auf&nbsp;<strong>\u201eZulassen\u201c<\/strong>, um die Datei zu laden.<\/li>\n<\/ul>\n\n\n\n<figure class=\"wp-block-image size-full\"><img fetchpriority=\"high\" decoding=\"async\" width=\"435\" height=\"133\" src=\"https:\/\/mio-site.de\/wp-content\/uploads\/2025\/01\/TryingToDownloadProfileNotification-removebg-preview.png\" alt=\"\" class=\"wp-image-411\" srcset=\"https:\/\/mio-site.de\/wp-content\/uploads\/2025\/01\/TryingToDownloadProfileNotification-removebg-preview.png 435w, https:\/\/mio-site.de\/wp-content\/uploads\/2025\/01\/TryingToDownloadProfileNotification-removebg-preview-300x92.png 300w\" sizes=\"(max-width: 435px) 100vw, 435px\" \/><\/figure>\n\n\n\n<p><strong>\u00d6ffne die Einstellungen auf deinem Ger\u00e4t<\/strong><\/p>\n\n\n\n<ul class=\"wp-block-list\">\n<li>Gehe auf deinem iPhone oder iPad zu den&nbsp;<strong>Einstellungen<\/strong>.<\/li>\n\n\n\n<li>Ganz oben sollte jetzt der Hinweis&nbsp;<strong>\u201eProfil geladen\u201c<\/strong>&nbsp;erscheinen.<\/li>\n<\/ul>\n\n\n\n<p><strong>Installiere das Profil<\/strong><\/p>\n\n\n\n<ul class=\"wp-block-list\">\n<li>Tippe auf&nbsp;<strong>\u201eProfil geladen\u201c<\/strong>.<\/li>\n\n\n\n<li>Du siehst nun die Mio Articles App.<\/li>\n\n\n\n<li>Tippe auf&nbsp;<strong>\u201eInstallieren\u201c<\/strong>&nbsp;(oben rechts).<\/li>\n<\/ul>\n\n\n\n<p><strong>Gib deinen Ger\u00e4tecode ein<\/strong><\/p>\n\n\n\n<ul class=\"wp-block-list\">\n<li>Wenn du einen Ger\u00e4te-PIN eingerichtet hast, gib diesen ein, um die Installation zu autorisieren.<\/li>\n<\/ul>\n\n\n\n<p><strong>Best\u00e4tige die Installation<\/strong><\/p>\n\n\n\n<ul class=\"wp-block-list\">\n<li>Lies die Beschreibung des Profils durch (falls vorhanden) und tippe erneut auf&nbsp;<strong>\u201eInstallieren\u201c<\/strong>.<\/li>\n\n\n\n<li>Eventuell musst du die Installation noch ein letztes Mal mit&nbsp;<strong>\u201eInstallieren\u201c<\/strong>&nbsp;best\u00e4tigen.<\/li>\n<\/ul>\n\n\n\n<p><strong>Profil erfolgreich installiert<\/strong><\/p>\n\n\n\n<ul class=\"wp-block-list\">\n<li>Nach erfolgreicher Installation erscheint eine Best\u00e4tigungsmeldung.<\/li>\n\n\n\n<li>Jetzt ist die Mio Articles App bereit zum \u00f6ffnen.<\/li>\n<\/ul>\n\n\n\n<h2 class=\"wp-block-heading\">\u26a0\ufe0fSicherheitshinweis\u26a0\ufe0f<\/h2>\n\n\n\n<ul class=\"wp-block-list\">\n<li>Dieses Profil wurde speziell f\u00fcr die Mio Articles App entwickelt.<\/li>\n\n\n\n<li>Achte darauf, dass du die&nbsp;<code>App<\/code> nur von&nbsp;<strong>dieser offiziellen Webseite<\/strong>&nbsp;herunterl\u00e4dst.<\/li>\n<\/ul>","protected":false},"excerpt":{"rendered":"<p>Lade die Konfigurationsdatei herunter Best\u00e4tige das Laden der Konfigurationsdatei \u00d6ffne die Einstellungen auf deinem Ger\u00e4t&#8230;<\/p>","protected":false},"author":2,"featured_media":0,"parent":0,"menu_order":0,"comment_status":"closed","ping_status":"closed","template":"","meta":{"footnotes":""},"class_list":["post-409","page","type-page","status-publish","hentry"],"yoast_head":"<!-- This site is optimized with the Yoast SEO plugin v27.5 - https:\/\/yoast.com\/product\/yoast-seo-wordpress\/ -->\n<title>Laden der iOS App - Mio Online&trade;<\/title>\n<meta name=\"description\" content=\"Lade das Mio Articles Konfigurationsprofil f\u00fcr iPhone und iPad herunter. Mit unserer Schritt-f\u00fcr-Schritt-Anleitung ist die Installation schnell und einfach erledigt. Starte noch heute!\" \/>\n<meta name=\"robots\" content=\"index, follow, max-snippet:-1, max-image-preview:large, max-video-preview:-1\" \/>\n<link rel=\"canonical\" href=\"https:\/\/mio-site.de\/en_en\/ios\/\" \/>\n<meta property=\"og:locale\" content=\"en_US\" \/>\n<meta property=\"og:type\" content=\"article\" \/>\n<meta property=\"og:title\" content=\"Lade die Mio Articles App\" \/>\n<meta property=\"og:description\" content=\"Lade das Mio Articles Konfigurationsprofil f\u00fcr iPhone und iPad herunter. Mit unserer Schritt-f\u00fcr-Schritt-Anleitung ist die Installation schnell und einfach erledigt. Starte noch heute!\" \/>\n<meta property=\"og:url\" content=\"https:\/\/mio-site.de\/en_en\/ios\/\" \/>\n<meta property=\"og:site_name\" content=\"Mio Online&trade;\" \/>\n<meta property=\"article:modified_time\" content=\"2025-08-16T15:06:34+00:00\" \/>\n<meta property=\"og:image\" content=\"https:\/\/mio-site.de\/wp-content\/uploads\/2025\/01\/TryingToDownloadProfileNotification-removebg-preview.png\" \/>\n\t<meta property=\"og:image:width\" content=\"435\" \/>\n\t<meta property=\"og:image:height\" content=\"133\" \/>\n\t<meta property=\"og:image:type\" content=\"image\/png\" \/>\n<meta name=\"twitter:card\" content=\"summary_large_image\" \/>\n<meta name=\"twitter:label1\" content=\"Est. reading time\" \/>\n\t<meta name=\"twitter:data1\" content=\"2 minutes\" \/>\n<script type=\"application\/ld+json\" class=\"yoast-schema-graph\">{\"@context\":\"https:\\\/\\\/schema.org\",\"@graph\":[{\"@type\":\"WebPage\",\"@id\":\"https:\\\/\\\/mio-site.de\\\/ios\\\/\",\"url\":\"https:\\\/\\\/mio-site.de\\\/ios\\\/\",\"name\":\"Laden der iOS App - Mio Online&trade;\",\"isPartOf\":{\"@id\":\"https:\\\/\\\/mio-site.de\\\/#website\"},\"primaryImageOfPage\":{\"@id\":\"https:\\\/\\\/mio-site.de\\\/ios\\\/#primaryimage\"},\"image\":{\"@id\":\"https:\\\/\\\/mio-site.de\\\/ios\\\/#primaryimage\"},\"thumbnailUrl\":\"https:\\\/\\\/mio-site.de\\\/wp-content\\\/uploads\\\/2025\\\/01\\\/TryingToDownloadProfileNotification-removebg-preview.png\",\"datePublished\":\"2025-01-05T12:49:58+00:00\",\"dateModified\":\"2025-08-16T15:06:34+00:00\",\"description\":\"Lade das Mio Articles Konfigurationsprofil f\u00fcr iPhone und iPad herunter. Mit unserer Schritt-f\u00fcr-Schritt-Anleitung ist die Installation schnell und einfach erledigt. Starte noch heute!\",\"breadcrumb\":{\"@id\":\"https:\\\/\\\/mio-site.de\\\/ios\\\/#breadcrumb\"},\"inLanguage\":\"en-US\",\"potentialAction\":[{\"@type\":\"ReadAction\",\"target\":[\"https:\\\/\\\/mio-site.de\\\/ios\\\/\"]}]},{\"@type\":\"ImageObject\",\"inLanguage\":\"en-US\",\"@id\":\"https:\\\/\\\/mio-site.de\\\/ios\\\/#primaryimage\",\"url\":\"https:\\\/\\\/mio-site.de\\\/wp-content\\\/uploads\\\/2025\\\/01\\\/TryingToDownloadProfileNotification-removebg-preview.png\",\"contentUrl\":\"https:\\\/\\\/mio-site.de\\\/wp-content\\\/uploads\\\/2025\\\/01\\\/TryingToDownloadProfileNotification-removebg-preview.png\"},{\"@type\":\"BreadcrumbList\",\"@id\":\"https:\\\/\\\/mio-site.de\\\/ios\\\/#breadcrumb\",\"itemListElement\":[{\"@type\":\"ListItem\",\"position\":1,\"name\":\"Startseite\",\"item\":\"https:\\\/\\\/mio-site.de\\\/\"},{\"@type\":\"ListItem\",\"position\":2,\"name\":\"iOS\"}]},{\"@type\":\"WebSite\",\"@id\":\"https:\\\/\\\/mio-site.de\\\/#website\",\"url\":\"https:\\\/\\\/mio-site.de\\\/\",\"name\":\"Mio Online\u2122\",\"description\":\"\",\"publisher\":{\"@id\":\"https:\\\/\\\/mio-site.de\\\/#organization\"},\"alternateName\":\"Mio\",\"potentialAction\":[{\"@type\":\"SearchAction\",\"target\":{\"@type\":\"EntryPoint\",\"urlTemplate\":\"https:\\\/\\\/mio-site.de\\\/?s={search_term_string}\"},\"query-input\":{\"@type\":\"PropertyValueSpecification\",\"valueRequired\":true,\"valueName\":\"search_term_string\"}}],\"inLanguage\":\"en-US\"},{\"@type\":\"Organization\",\"@id\":\"https:\\\/\\\/mio-site.de\\\/#organization\",\"name\":\"Mio Online\u2122\",\"alternateName\":\"Mio\",\"url\":\"https:\\\/\\\/mio-site.de\\\/\",\"logo\":{\"@type\":\"ImageObject\",\"inLanguage\":\"en-US\",\"@id\":\"https:\\\/\\\/mio-site.de\\\/#\\\/schema\\\/logo\\\/image\\\/\",\"url\":\"https:\\\/\\\/mio-site.de\\\/wp-content\\\/uploads\\\/2025\\\/08\\\/cropped-Mio-Online-Banner-no-bg-scaled-1.png\",\"contentUrl\":\"https:\\\/\\\/mio-site.de\\\/wp-content\\\/uploads\\\/2025\\\/08\\\/cropped-Mio-Online-Banner-no-bg-scaled-1.png\",\"width\":2560,\"height\":1280,\"caption\":\"Mio Online\u2122\"},\"image\":{\"@id\":\"https:\\\/\\\/mio-site.de\\\/#\\\/schema\\\/logo\\\/image\\\/\"}}]}<\/script>\n<!-- \/ Yoast SEO plugin. -->","yoast_head_json":{"title":"Laden der iOS App - Mio Online&trade;","description":"Lade das Mio Articles Konfigurationsprofil f\u00fcr iPhone und iPad herunter. Mit unserer Schritt-f\u00fcr-Schritt-Anleitung ist die Installation schnell und einfach erledigt. Starte noch heute!","robots":{"index":"index","follow":"follow","max-snippet":"max-snippet:-1","max-image-preview":"max-image-preview:large","max-video-preview":"max-video-preview:-1"},"canonical":"https:\/\/mio-site.de\/en_en\/ios\/","og_locale":"en_US","og_type":"article","og_title":"Lade die Mio Articles App","og_description":"Lade das Mio Articles Konfigurationsprofil f\u00fcr iPhone und iPad herunter. Mit unserer Schritt-f\u00fcr-Schritt-Anleitung ist die Installation schnell und einfach erledigt. Starte noch heute!","og_url":"https:\/\/mio-site.de\/en_en\/ios\/","og_site_name":"Mio Online&trade;","article_modified_time":"2025-08-16T15:06:34+00:00","og_image":[{"width":435,"height":133,"url":"https:\/\/mio-site.de\/wp-content\/uploads\/2025\/01\/TryingToDownloadProfileNotification-removebg-preview.png","type":"image\/png"}],"twitter_card":"summary_large_image","twitter_misc":{"Est. reading time":"2 minutes"},"schema":{"@context":"https:\/\/schema.org","@graph":[{"@type":"WebPage","@id":"https:\/\/mio-site.de\/ios\/","url":"https:\/\/mio-site.de\/ios\/","name":"Laden der iOS App - Mio Online&trade;","isPartOf":{"@id":"https:\/\/mio-site.de\/#website"},"primaryImageOfPage":{"@id":"https:\/\/mio-site.de\/ios\/#primaryimage"},"image":{"@id":"https:\/\/mio-site.de\/ios\/#primaryimage"},"thumbnailUrl":"https:\/\/mio-site.de\/wp-content\/uploads\/2025\/01\/TryingToDownloadProfileNotification-removebg-preview.png","datePublished":"2025-01-05T12:49:58+00:00","dateModified":"2025-08-16T15:06:34+00:00","description":"Lade das Mio Articles Konfigurationsprofil f\u00fcr iPhone und iPad herunter. Mit unserer Schritt-f\u00fcr-Schritt-Anleitung ist die Installation schnell und einfach erledigt. Starte noch heute!","breadcrumb":{"@id":"https:\/\/mio-site.de\/ios\/#breadcrumb"},"inLanguage":"en-US","potentialAction":[{"@type":"ReadAction","target":["https:\/\/mio-site.de\/ios\/"]}]},{"@type":"ImageObject","inLanguage":"en-US","@id":"https:\/\/mio-site.de\/ios\/#primaryimage","url":"https:\/\/mio-site.de\/wp-content\/uploads\/2025\/01\/TryingToDownloadProfileNotification-removebg-preview.png","contentUrl":"https:\/\/mio-site.de\/wp-content\/uploads\/2025\/01\/TryingToDownloadProfileNotification-removebg-preview.png"},{"@type":"BreadcrumbList","@id":"https:\/\/mio-site.de\/ios\/#breadcrumb","itemListElement":[{"@type":"ListItem","position":1,"name":"Startseite","item":"https:\/\/mio-site.de\/"},{"@type":"ListItem","position":2,"name":"iOS"}]},{"@type":"WebSite","@id":"https:\/\/mio-site.de\/#website","url":"https:\/\/mio-site.de\/","name":"Mio Online\u2122","description":"","publisher":{"@id":"https:\/\/mio-site.de\/#organization"},"alternateName":"Mio","potentialAction":[{"@type":"SearchAction","target":{"@type":"EntryPoint","urlTemplate":"https:\/\/mio-site.de\/?s={search_term_string}"},"query-input":{"@type":"PropertyValueSpecification","valueRequired":true,"valueName":"search_term_string"}}],"inLanguage":"en-US"},{"@type":"Organization","@id":"https:\/\/mio-site.de\/#organization","name":"Mio Online\u2122","alternateName":"Mio","url":"https:\/\/mio-site.de\/","logo":{"@type":"ImageObject","inLanguage":"en-US","@id":"https:\/\/mio-site.de\/#\/schema\/logo\/image\/","url":"https:\/\/mio-site.de\/wp-content\/uploads\/2025\/08\/cropped-Mio-Online-Banner-no-bg-scaled-1.png","contentUrl":"https:\/\/mio-site.de\/wp-content\/uploads\/2025\/08\/cropped-Mio-Online-Banner-no-bg-scaled-1.png","width":2560,"height":1280,"caption":"Mio Online\u2122"},"image":{"@id":"https:\/\/mio-site.de\/#\/schema\/logo\/image\/"}}]}},"_links":{"self":[{"href":"https:\/\/mio-site.de\/en_en\/wp-json\/wp\/v2\/pages\/409","targetHints":{"allow":["GET"]}}],"collection":[{"href":"https:\/\/mio-site.de\/en_en\/wp-json\/wp\/v2\/pages"}],"about":[{"href":"https:\/\/mio-site.de\/en_en\/wp-json\/wp\/v2\/types\/page"}],"author":[{"embeddable":true,"href":"https:\/\/mio-site.de\/en_en\/wp-json\/wp\/v2\/users\/2"}],"replies":[{"embeddable":true,"href":"https:\/\/mio-site.de\/en_en\/wp-json\/wp\/v2\/comments?post=409"}],"version-history":[{"count":4,"href":"https:\/\/mio-site.de\/en_en\/wp-json\/wp\/v2\/pages\/409\/revisions"}],"predecessor-version":[{"id":1052,"href":"https:\/\/mio-site.de\/en_en\/wp-json\/wp\/v2\/pages\/409\/revisions\/1052"}],"wp:attachment":[{"href":"https:\/\/mio-site.de\/en_en\/wp-json\/wp\/v2\/media?parent=409"}],"curies":[{"name":"wp","href":"https:\/\/api.w.org\/{rel}","templated":true}]}}