{"id":693,"date":"2025-02-15T11:12:53","date_gmt":"2025-02-15T11:12:53","guid":{"rendered":"https:\/\/mio-site.de\/?post_type=product&#038;p=693"},"modified":"2025-02-15T11:12:53","modified_gmt":"2025-02-15T11:12:53","slug":"nobg-your-free-bg-remover","status":"publish","type":"product","link":"https:\/\/mio-site.de\/en_en\/product\/nobg-your-free-bg-remover\/","title":{"rendered":"nobg &#8211; your free bg remover"},"content":{"rendered":"<p data-pm-slice=\"1 1 []\">\u2728 nobg &#8211; Your Free BG Remover by Mio Technology \u2728<\/p>\n<p>\u2705 Entferne Hintergr\u00fcnde in Sekundenschnelle mit nobg \u2013 deinem kostenlosen, schnellen und intelligenten Hintergrundentferner! Lade dein Bild hoch, und unser leistungsstarker Algorithmus erledigt den Rest f\u00fcr dich.<\/p>\n<p>\ud83c\udf1f Perfekt f\u00fcr Produktfotos, Social-Media-Grafiken oder kreative Projekte. Egal, ob du professionelle Bilder f\u00fcr dein Unternehmen brauchst, deine Social-Media-Posts aufwerten willst oder einfach nur spa\u00dfige Fotomontagen erstellst \u2013 nobg liefert dir gestochen scharfe Ergebnisse ohne Aufwand.<\/p>\n<p>\ud83d\udcbc Entwickelt von Mio Technology, bietet nobg eine intuitive, benutzerfreundliche L\u00f6sung f\u00fcr alle, die ihre Bilder optimieren wollen. Keine komplizierte Softwareinstallation oder technische Vorkenntnisse erforderlich \u2013 einfach, blitzschnell und kostenlos!<\/p>\n<p>\ud83d\udd0d Entdecke die grenzenlosen M\u00f6glichkeiten mit nobg und optimiere deine Bilder wie ein Profi. Probier es jetzt aus und erlebe den Unterschied!<\/p>","protected":false},"excerpt":{"rendered":"<p data-pm-slice=\"1 1 []\">\u2728 nobg &#8211; Your Free BG Remover by Mio Technology \u2728<\/p>","protected":false},"featured_media":694,"comment_status":"open","ping_status":"closed","template":"","meta":[],"product_brand":[119],"product_cat":[118],"product_tag":[],"class_list":{"0":"post-693","1":"product","2":"type-product","3":"status-publish","4":"has-post-thumbnail","6":"product_brand-mio-technology","7":"product_cat-shortcut","9":"first","10":"instock","11":"virtual","12":"purchasable","13":"product-type-simple"},"yoast_head":"<!-- This site is optimized with the Yoast SEO plugin v27.6 - https:\/\/yoast.com\/product\/yoast-seo-wordpress\/ -->\n<title>mit nur einem klick den Hintergrund entfernen - MAShop<\/title>\n<meta name=\"description\" content=\"Entferne Hintergr\u00fcnde in Sekundenschnelle mit nobg \u2013 deinem kostenlosen, schnellen und intelligenten Hintergrundentferner! Lade dein Bild hoch, und unser leistungsstarker Algorithmus erledigt den Rest f\u00fcr dich.\" \/>\n<meta name=\"robots\" content=\"index, follow, max-snippet:-1, max-image-preview:large, max-video-preview:-1\" \/>\n<link rel=\"canonical\" href=\"https:\/\/mio-site.de\/en_en\/product\/nobg-your-free-bg-remover\/\" \/>\n<meta property=\"og:locale\" content=\"en_US\" \/>\n<meta property=\"og:type\" content=\"article\" \/>\n<meta property=\"og:title\" content=\"mit nur einem klick den Hintergrund entfernen - MAShop\" \/>\n<meta property=\"og:description\" content=\"Entferne Hintergr\u00fcnde in Sekundenschnelle mit nobg \u2013 deinem kostenlosen, schnellen und intelligenten Hintergrundentferner! Lade dein Bild hoch, und unser leistungsstarker Algorithmus erledigt den Rest f\u00fcr dich.\" \/>\n<meta property=\"og:url\" content=\"https:\/\/mio-site.de\/en_en\/product\/nobg-your-free-bg-remover\/\" \/>\n<meta property=\"og:site_name\" content=\"Mio Online&trade;\" \/>\n<meta property=\"og:image\" content=\"https:\/\/mio-site.de\/wp-content\/uploads\/2025\/02\/Design-ohne-Titel-2-1.png\" \/>\n\t<meta property=\"og:image:width\" content=\"591\" \/>\n\t<meta property=\"og:image:height\" content=\"591\" \/>\n\t<meta property=\"og:image:type\" content=\"image\/png\" \/>\n<meta name=\"twitter:card\" content=\"summary_large_image\" \/>\n<meta name=\"twitter:label1\" content=\"Est. reading time\" \/>\n\t<meta name=\"twitter:data1\" content=\"1 minute\" \/>\n<script type=\"application\/ld+json\" class=\"yoast-schema-graph\">{\"@context\":\"https:\\\/\\\/schema.org\",\"@graph\":[{\"@type\":\"WebPage\",\"@id\":\"https:\\\/\\\/mio-site.de\\\/produkt\\\/nobg-your-free-bg-remover\\\/\",\"url\":\"https:\\\/\\\/mio-site.de\\\/produkt\\\/nobg-your-free-bg-remover\\\/\",\"name\":\"mit nur einem klick den Hintergrund entfernen - MAShop\",\"isPartOf\":{\"@id\":\"https:\\\/\\\/mio-site.de\\\/#website\"},\"primaryImageOfPage\":{\"@id\":\"https:\\\/\\\/mio-site.de\\\/produkt\\\/nobg-your-free-bg-remover\\\/#primaryimage\"},\"image\":{\"@id\":\"https:\\\/\\\/mio-site.de\\\/produkt\\\/nobg-your-free-bg-remover\\\/#primaryimage\"},\"thumbnailUrl\":\"https:\\\/\\\/mio-site.de\\\/wp-content\\\/uploads\\\/2025\\\/02\\\/Design-ohne-Titel-2-1.png\",\"datePublished\":\"2025-02-15T11:12:53+00:00\",\"description\":\"Entferne Hintergr\u00fcnde in Sekundenschnelle mit nobg \u2013 deinem kostenlosen, schnellen und intelligenten Hintergrundentferner! Lade dein Bild hoch, und unser leistungsstarker Algorithmus erledigt den Rest f\u00fcr dich.\",\"breadcrumb\":{\"@id\":\"https:\\\/\\\/mio-site.de\\\/produkt\\\/nobg-your-free-bg-remover\\\/#breadcrumb\"},\"inLanguage\":\"en-US\",\"potentialAction\":[{\"@type\":\"ReadAction\",\"target\":[\"https:\\\/\\\/mio-site.de\\\/produkt\\\/nobg-your-free-bg-remover\\\/\"]}]},{\"@type\":\"ImageObject\",\"inLanguage\":\"en-US\",\"@id\":\"https:\\\/\\\/mio-site.de\\\/produkt\\\/nobg-your-free-bg-remover\\\/#primaryimage\",\"url\":\"https:\\\/\\\/mio-site.de\\\/wp-content\\\/uploads\\\/2025\\\/02\\\/Design-ohne-Titel-2-1.png\",\"contentUrl\":\"https:\\\/\\\/mio-site.de\\\/wp-content\\\/uploads\\\/2025\\\/02\\\/Design-ohne-Titel-2-1.png\",\"width\":591,\"height\":591},{\"@type\":\"BreadcrumbList\",\"@id\":\"https:\\\/\\\/mio-site.de\\\/produkt\\\/nobg-your-free-bg-remover\\\/#breadcrumb\",\"itemListElement\":[{\"@type\":\"ListItem\",\"position\":1,\"name\":\"Startseite\",\"item\":\"https:\\\/\\\/mio-site.de\\\/\"},{\"@type\":\"ListItem\",\"position\":2,\"name\":\"Shop\",\"item\":\"https:\\\/\\\/mio-site.de\\\/shop\\\/\"},{\"@type\":\"ListItem\",\"position\":3,\"name\":\"nobg &#8211; your free bg remover\"}]},{\"@type\":\"WebSite\",\"@id\":\"https:\\\/\\\/mio-site.de\\\/#website\",\"url\":\"https:\\\/\\\/mio-site.de\\\/\",\"name\":\"Mio Online\u2122\",\"description\":\"\",\"publisher\":{\"@id\":\"https:\\\/\\\/mio-site.de\\\/#organization\"},\"alternateName\":\"Mio\",\"potentialAction\":[{\"@type\":\"SearchAction\",\"target\":{\"@type\":\"EntryPoint\",\"urlTemplate\":\"https:\\\/\\\/mio-site.de\\\/?s={search_term_string}\"},\"query-input\":{\"@type\":\"PropertyValueSpecification\",\"valueRequired\":true,\"valueName\":\"search_term_string\"}}],\"inLanguage\":\"en-US\"},{\"@type\":\"Organization\",\"@id\":\"https:\\\/\\\/mio-site.de\\\/#organization\",\"name\":\"Mio Online\u2122\",\"alternateName\":\"Mio\",\"url\":\"https:\\\/\\\/mio-site.de\\\/\",\"logo\":{\"@type\":\"ImageObject\",\"inLanguage\":\"en-US\",\"@id\":\"https:\\\/\\\/mio-site.de\\\/#\\\/schema\\\/logo\\\/image\\\/\",\"url\":\"https:\\\/\\\/mio-site.de\\\/wp-content\\\/uploads\\\/2025\\\/08\\\/cropped-Mio-Online-Banner-no-bg-scaled-1.png\",\"contentUrl\":\"https:\\\/\\\/mio-site.de\\\/wp-content\\\/uploads\\\/2025\\\/08\\\/cropped-Mio-Online-Banner-no-bg-scaled-1.png\",\"width\":2560,\"height\":1280,\"caption\":\"Mio Online\u2122\"},\"image\":{\"@id\":\"https:\\\/\\\/mio-site.de\\\/#\\\/schema\\\/logo\\\/image\\\/\"}}]}<\/script>\n<!-- \/ Yoast SEO plugin. -->","yoast_head_json":{"title":"mit nur einem klick den Hintergrund entfernen - MAShop","description":"Entferne Hintergr\u00fcnde in Sekundenschnelle mit nobg \u2013 deinem kostenlosen, schnellen und intelligenten Hintergrundentferner! Lade dein Bild hoch, und unser leistungsstarker Algorithmus erledigt den Rest f\u00fcr dich.","robots":{"index":"index","follow":"follow","max-snippet":"max-snippet:-1","max-image-preview":"max-image-preview:large","max-video-preview":"max-video-preview:-1"},"canonical":"https:\/\/mio-site.de\/en_en\/product\/nobg-your-free-bg-remover\/","og_locale":"en_US","og_type":"article","og_title":"mit nur einem klick den Hintergrund entfernen - MAShop","og_description":"Entferne Hintergr\u00fcnde in Sekundenschnelle mit nobg \u2013 deinem kostenlosen, schnellen und intelligenten Hintergrundentferner! Lade dein Bild hoch, und unser leistungsstarker Algorithmus erledigt den Rest f\u00fcr dich.","og_url":"https:\/\/mio-site.de\/en_en\/product\/nobg-your-free-bg-remover\/","og_site_name":"Mio Online&trade;","og_image":[{"width":591,"height":591,"url":"https:\/\/mio-site.de\/wp-content\/uploads\/2025\/02\/Design-ohne-Titel-2-1.png","type":"image\/png"}],"twitter_card":"summary_large_image","twitter_misc":{"Est. reading time":"1 minute"},"schema":{"@context":"https:\/\/schema.org","@graph":[{"@type":"WebPage","@id":"https:\/\/mio-site.de\/produkt\/nobg-your-free-bg-remover\/","url":"https:\/\/mio-site.de\/produkt\/nobg-your-free-bg-remover\/","name":"mit nur einem klick den Hintergrund entfernen - MAShop","isPartOf":{"@id":"https:\/\/mio-site.de\/#website"},"primaryImageOfPage":{"@id":"https:\/\/mio-site.de\/produkt\/nobg-your-free-bg-remover\/#primaryimage"},"image":{"@id":"https:\/\/mio-site.de\/produkt\/nobg-your-free-bg-remover\/#primaryimage"},"thumbnailUrl":"https:\/\/mio-site.de\/wp-content\/uploads\/2025\/02\/Design-ohne-Titel-2-1.png","datePublished":"2025-02-15T11:12:53+00:00","description":"Entferne Hintergr\u00fcnde in Sekundenschnelle mit nobg \u2013 deinem kostenlosen, schnellen und intelligenten Hintergrundentferner! Lade dein Bild hoch, und unser leistungsstarker Algorithmus erledigt den Rest f\u00fcr dich.","breadcrumb":{"@id":"https:\/\/mio-site.de\/produkt\/nobg-your-free-bg-remover\/#breadcrumb"},"inLanguage":"en-US","potentialAction":[{"@type":"ReadAction","target":["https:\/\/mio-site.de\/produkt\/nobg-your-free-bg-remover\/"]}]},{"@type":"ImageObject","inLanguage":"en-US","@id":"https:\/\/mio-site.de\/produkt\/nobg-your-free-bg-remover\/#primaryimage","url":"https:\/\/mio-site.de\/wp-content\/uploads\/2025\/02\/Design-ohne-Titel-2-1.png","contentUrl":"https:\/\/mio-site.de\/wp-content\/uploads\/2025\/02\/Design-ohne-Titel-2-1.png","width":591,"height":591},{"@type":"BreadcrumbList","@id":"https:\/\/mio-site.de\/produkt\/nobg-your-free-bg-remover\/#breadcrumb","itemListElement":[{"@type":"ListItem","position":1,"name":"Startseite","item":"https:\/\/mio-site.de\/"},{"@type":"ListItem","position":2,"name":"Shop","item":"https:\/\/mio-site.de\/shop\/"},{"@type":"ListItem","position":3,"name":"nobg &#8211; your free bg remover"}]},{"@type":"WebSite","@id":"https:\/\/mio-site.de\/#website","url":"https:\/\/mio-site.de\/","name":"Mio Online\u2122","description":"","publisher":{"@id":"https:\/\/mio-site.de\/#organization"},"alternateName":"Mio","potentialAction":[{"@type":"SearchAction","target":{"@type":"EntryPoint","urlTemplate":"https:\/\/mio-site.de\/?s={search_term_string}"},"query-input":{"@type":"PropertyValueSpecification","valueRequired":true,"valueName":"search_term_string"}}],"inLanguage":"en-US"},{"@type":"Organization","@id":"https:\/\/mio-site.de\/#organization","name":"Mio Online\u2122","alternateName":"Mio","url":"https:\/\/mio-site.de\/","logo":{"@type":"ImageObject","inLanguage":"en-US","@id":"https:\/\/mio-site.de\/#\/schema\/logo\/image\/","url":"https:\/\/mio-site.de\/wp-content\/uploads\/2025\/08\/cropped-Mio-Online-Banner-no-bg-scaled-1.png","contentUrl":"https:\/\/mio-site.de\/wp-content\/uploads\/2025\/08\/cropped-Mio-Online-Banner-no-bg-scaled-1.png","width":2560,"height":1280,"caption":"Mio Online\u2122"},"image":{"@id":"https:\/\/mio-site.de\/#\/schema\/logo\/image\/"}}]}},"_links":{"self":[{"href":"https:\/\/mio-site.de\/en_en\/wp-json\/wp\/v2\/product\/693","targetHints":{"allow":["GET"]}}],"collection":[{"href":"https:\/\/mio-site.de\/en_en\/wp-json\/wp\/v2\/product"}],"about":[{"href":"https:\/\/mio-site.de\/en_en\/wp-json\/wp\/v2\/types\/product"}],"replies":[{"embeddable":true,"href":"https:\/\/mio-site.de\/en_en\/wp-json\/wp\/v2\/comments?post=693"}],"wp:featuredmedia":[{"embeddable":true,"href":"https:\/\/mio-site.de\/en_en\/wp-json\/wp\/v2\/media\/694"}],"wp:attachment":[{"href":"https:\/\/mio-site.de\/en_en\/wp-json\/wp\/v2\/media?parent=693"}],"wp:term":[{"taxonomy":"product_brand","embeddable":true,"href":"https:\/\/mio-site.de\/en_en\/wp-json\/wp\/v2\/product_brand?post=693"},{"taxonomy":"product_cat","embeddable":true,"href":"https:\/\/mio-site.de\/en_en\/wp-json\/wp\/v2\/product_cat?post=693"},{"taxonomy":"product_tag","embeddable":true,"href":"https:\/\/mio-site.de\/en_en\/wp-json\/wp\/v2\/product_tag?post=693"}],"curies":[{"name":"wp","href":"https:\/\/api.w.org\/{rel}","templated":true}]}}