{"id":727,"date":"2025-02-16T17:45:22","date_gmt":"2025-02-16T17:45:22","guid":{"rendered":"https:\/\/mio-site.de\/?post_type=product&#038;p=727"},"modified":"2025-03-09T10:29:49","modified_gmt":"2025-03-09T10:29:49","slug":"baby-blue-icon-pack","status":"publish","type":"product","link":"https:\/\/mio-site.de\/en_en\/produkt\/baby-blue-icon-pack\/","title":{"rendered":"[iOS only] Baby Blue Icon Pack\ud83e\ude75"},"content":{"rendered":"<p data-start=\"95\" data-end=\"143\"><strong data-start=\"95\" data-end=\"141\">\u2728 Baby Blue Icon Pack f\u00fcr dein iPhone \ud83d\udc99\ud83d\udcf1<\/strong><\/p>\n<p data-start=\"145\" data-end=\"346\">G\u00f6nn deinem iPhone einen frischen, modernen Look mit meinem <strong data-start=\"205\" data-end=\"228\">Baby Blue Icon Pack<\/strong>! \ud83c\udf0a\ud83d\udc8e Die sanften Blaut\u00f6ne sorgen f\u00fcr ein cleanes und \u00e4sthetisches Design \u2013 perfekt f\u00fcr einen stylishen Homescreen.<\/p>\n<p data-start=\"348\" data-end=\"552\">\ud83c\udf1f <strong data-start=\"351\" data-end=\"364\">Features:<\/strong><br data-start=\"364\" data-end=\"367\" \/>\ud83c\udfa8 <strong data-start=\"370\" data-end=\"385\">Viele Icons<\/strong> f\u00fcr deine wichtigsten Apps<br data-start=\"412\" data-end=\"415\" \/>\ud83d\udd35 <strong data-start=\"418\" data-end=\"438\">Sanftes Babyblau<\/strong> f\u00fcr ein harmonisches Setup<br data-start=\"465\" data-end=\"468\" \/>\ud83c\udf19 <strong data-start=\"471\" data-end=\"505\">Perfekt f\u00fcr Dark- &amp; Light-Mode<\/strong><br data-start=\"505\" data-end=\"508\" \/>\ud83d\udcbe <strong data-start=\"511\" data-end=\"536\">Einfache Installation<\/strong> mit Shortcuts<\/p>\n<p data-start=\"554\" data-end=\"616\">Mach dein iPhone einzigartig &amp; genie\u00dfe den cleanen Look! \ud83e\ude75\u2728<\/p>\n<p data-start=\"554\" data-end=\"616\">FEHLER: Der AppleStore Shortcut funktioniert <em><strong>noch<\/strong><\/em> nicht.<\/p>\n<p data-start=\"618\" data-end=\"664\">\ud83d\udd17 <strong data-start=\"621\" data-end=\"662\">Jetzt herunterladen &amp; versch\u00f6nern! \ud83d\ude80<\/strong><\/p>","protected":false},"excerpt":{"rendered":"<p>Versch\u00f6nere dein iPhone\/iPad mit dem Babyblau Icon Pack\ud83e\ude75\ud83d\udc99<\/p>","protected":false},"featured_media":729,"comment_status":"open","ping_status":"closed","template":"","meta":[],"product_brand":[119],"product_cat":[120],"product_tag":[],"class_list":{"0":"post-727","1":"product","2":"type-product","3":"status-publish","4":"has-post-thumbnail","6":"product_brand-mio-technology","7":"product_cat-icon-pack","9":"first","10":"instock","11":"virtual","12":"purchasable","13":"product-type-simple"},"yoast_head":"<!-- This site is optimized with the Yoast SEO plugin v27.5 - https:\/\/yoast.com\/product\/yoast-seo-wordpress\/ -->\n<title>[iOS only] Baby Blue Icon Pack\ud83e\ude75 - Mio Online&trade;<\/title>\n<meta name=\"robots\" content=\"index, follow, max-snippet:-1, max-image-preview:large, max-video-preview:-1\" \/>\n<link rel=\"canonical\" href=\"https:\/\/mio-site.de\/en_en\/produkt\/baby-blue-icon-pack\/\" \/>\n<meta property=\"og:locale\" content=\"en_US\" \/>\n<meta property=\"og:type\" content=\"article\" \/>\n<meta property=\"og:title\" content=\"[iOS only] Baby Blue Icon Pack\ud83e\ude75 - Mio Online&trade;\" \/>\n<meta property=\"og:description\" content=\"Versch\u00f6nere dein iPhone\/iPad mit dem Babyblau Icon Pack\ud83e\ude75\ud83d\udc99\" \/>\n<meta property=\"og:url\" content=\"https:\/\/mio-site.de\/en_en\/produkt\/baby-blue-icon-pack\/\" \/>\n<meta property=\"og:site_name\" content=\"Mio Online&trade;\" \/>\n<meta property=\"article:modified_time\" content=\"2025-03-09T10:29:49+00:00\" \/>\n<meta property=\"og:image\" content=\"https:\/\/mio-site.de\/wp-content\/uploads\/2025\/02\/1600.png\" \/>\n\t<meta property=\"og:image:width\" content=\"591\" \/>\n\t<meta property=\"og:image:height\" content=\"591\" \/>\n\t<meta property=\"og:image:type\" content=\"image\/png\" \/>\n<meta name=\"twitter:card\" content=\"summary_large_image\" \/>\n<meta name=\"twitter:label1\" content=\"Est. reading time\" \/>\n\t<meta name=\"twitter:data1\" content=\"1 minute\" \/>\n<script type=\"application\/ld+json\" class=\"yoast-schema-graph\">{\"@context\":\"https:\\\/\\\/schema.org\",\"@graph\":[{\"@type\":\"WebPage\",\"@id\":\"https:\\\/\\\/mio-site.de\\\/produkt\\\/baby-blue-icon-pack\\\/\",\"url\":\"https:\\\/\\\/mio-site.de\\\/produkt\\\/baby-blue-icon-pack\\\/\",\"name\":\"[iOS only] Baby Blue Icon Pack\ud83e\ude75 - Mio Online&trade;\",\"isPartOf\":{\"@id\":\"https:\\\/\\\/mio-site.de\\\/#website\"},\"primaryImageOfPage\":{\"@id\":\"https:\\\/\\\/mio-site.de\\\/produkt\\\/baby-blue-icon-pack\\\/#primaryimage\"},\"image\":{\"@id\":\"https:\\\/\\\/mio-site.de\\\/produkt\\\/baby-blue-icon-pack\\\/#primaryimage\"},\"thumbnailUrl\":\"https:\\\/\\\/mio-site.de\\\/wp-content\\\/uploads\\\/2025\\\/02\\\/1600.png\",\"datePublished\":\"2025-02-16T17:45:22+00:00\",\"dateModified\":\"2025-03-09T10:29:49+00:00\",\"breadcrumb\":{\"@id\":\"https:\\\/\\\/mio-site.de\\\/produkt\\\/baby-blue-icon-pack\\\/#breadcrumb\"},\"inLanguage\":\"en-US\",\"potentialAction\":[{\"@type\":\"ReadAction\",\"target\":[\"https:\\\/\\\/mio-site.de\\\/produkt\\\/baby-blue-icon-pack\\\/\"]}]},{\"@type\":\"ImageObject\",\"inLanguage\":\"en-US\",\"@id\":\"https:\\\/\\\/mio-site.de\\\/produkt\\\/baby-blue-icon-pack\\\/#primaryimage\",\"url\":\"https:\\\/\\\/mio-site.de\\\/wp-content\\\/uploads\\\/2025\\\/02\\\/1600.png\",\"contentUrl\":\"https:\\\/\\\/mio-site.de\\\/wp-content\\\/uploads\\\/2025\\\/02\\\/1600.png\",\"width\":591,\"height\":591},{\"@type\":\"BreadcrumbList\",\"@id\":\"https:\\\/\\\/mio-site.de\\\/produkt\\\/baby-blue-icon-pack\\\/#breadcrumb\",\"itemListElement\":[{\"@type\":\"ListItem\",\"position\":1,\"name\":\"Startseite\",\"item\":\"https:\\\/\\\/mio-site.de\\\/\"},{\"@type\":\"ListItem\",\"position\":2,\"name\":\"Shop\",\"item\":\"https:\\\/\\\/mio-site.de\\\/shop\\\/\"},{\"@type\":\"ListItem\",\"position\":3,\"name\":\"[iOS only] Baby Blue Icon Pack\ud83e\ude75\"}]},{\"@type\":\"WebSite\",\"@id\":\"https:\\\/\\\/mio-site.de\\\/#website\",\"url\":\"https:\\\/\\\/mio-site.de\\\/\",\"name\":\"Mio Online\u2122\",\"description\":\"\",\"publisher\":{\"@id\":\"https:\\\/\\\/mio-site.de\\\/#organization\"},\"alternateName\":\"Mio\",\"potentialAction\":[{\"@type\":\"SearchAction\",\"target\":{\"@type\":\"EntryPoint\",\"urlTemplate\":\"https:\\\/\\\/mio-site.de\\\/?s={search_term_string}\"},\"query-input\":{\"@type\":\"PropertyValueSpecification\",\"valueRequired\":true,\"valueName\":\"search_term_string\"}}],\"inLanguage\":\"en-US\"},{\"@type\":\"Organization\",\"@id\":\"https:\\\/\\\/mio-site.de\\\/#organization\",\"name\":\"Mio Online\u2122\",\"alternateName\":\"Mio\",\"url\":\"https:\\\/\\\/mio-site.de\\\/\",\"logo\":{\"@type\":\"ImageObject\",\"inLanguage\":\"en-US\",\"@id\":\"https:\\\/\\\/mio-site.de\\\/#\\\/schema\\\/logo\\\/image\\\/\",\"url\":\"https:\\\/\\\/mio-site.de\\\/wp-content\\\/uploads\\\/2025\\\/08\\\/cropped-Mio-Online-Banner-no-bg-scaled-1.png\",\"contentUrl\":\"https:\\\/\\\/mio-site.de\\\/wp-content\\\/uploads\\\/2025\\\/08\\\/cropped-Mio-Online-Banner-no-bg-scaled-1.png\",\"width\":2560,\"height\":1280,\"caption\":\"Mio Online\u2122\"},\"image\":{\"@id\":\"https:\\\/\\\/mio-site.de\\\/#\\\/schema\\\/logo\\\/image\\\/\"}}]}<\/script>\n<!-- \/ Yoast SEO plugin. -->","yoast_head_json":{"title":"[iOS only] Baby Blue Icon Pack\ud83e\ude75 - Mio Online&trade;","robots":{"index":"index","follow":"follow","max-snippet":"max-snippet:-1","max-image-preview":"max-image-preview:large","max-video-preview":"max-video-preview:-1"},"canonical":"https:\/\/mio-site.de\/en_en\/produkt\/baby-blue-icon-pack\/","og_locale":"en_US","og_type":"article","og_title":"[iOS only] Baby Blue Icon Pack\ud83e\ude75 - Mio Online&trade;","og_description":"Versch\u00f6nere dein iPhone\/iPad mit dem Babyblau Icon Pack\ud83e\ude75\ud83d\udc99","og_url":"https:\/\/mio-site.de\/en_en\/produkt\/baby-blue-icon-pack\/","og_site_name":"Mio Online&trade;","article_modified_time":"2025-03-09T10:29:49+00:00","og_image":[{"width":591,"height":591,"url":"https:\/\/mio-site.de\/wp-content\/uploads\/2025\/02\/1600.png","type":"image\/png"}],"twitter_card":"summary_large_image","twitter_misc":{"Est. reading time":"1 minute"},"schema":{"@context":"https:\/\/schema.org","@graph":[{"@type":"WebPage","@id":"https:\/\/mio-site.de\/produkt\/baby-blue-icon-pack\/","url":"https:\/\/mio-site.de\/produkt\/baby-blue-icon-pack\/","name":"[iOS only] Baby Blue Icon Pack\ud83e\ude75 - Mio Online&trade;","isPartOf":{"@id":"https:\/\/mio-site.de\/#website"},"primaryImageOfPage":{"@id":"https:\/\/mio-site.de\/produkt\/baby-blue-icon-pack\/#primaryimage"},"image":{"@id":"https:\/\/mio-site.de\/produkt\/baby-blue-icon-pack\/#primaryimage"},"thumbnailUrl":"https:\/\/mio-site.de\/wp-content\/uploads\/2025\/02\/1600.png","datePublished":"2025-02-16T17:45:22+00:00","dateModified":"2025-03-09T10:29:49+00:00","breadcrumb":{"@id":"https:\/\/mio-site.de\/produkt\/baby-blue-icon-pack\/#breadcrumb"},"inLanguage":"en-US","potentialAction":[{"@type":"ReadAction","target":["https:\/\/mio-site.de\/produkt\/baby-blue-icon-pack\/"]}]},{"@type":"ImageObject","inLanguage":"en-US","@id":"https:\/\/mio-site.de\/produkt\/baby-blue-icon-pack\/#primaryimage","url":"https:\/\/mio-site.de\/wp-content\/uploads\/2025\/02\/1600.png","contentUrl":"https:\/\/mio-site.de\/wp-content\/uploads\/2025\/02\/1600.png","width":591,"height":591},{"@type":"BreadcrumbList","@id":"https:\/\/mio-site.de\/produkt\/baby-blue-icon-pack\/#breadcrumb","itemListElement":[{"@type":"ListItem","position":1,"name":"Startseite","item":"https:\/\/mio-site.de\/"},{"@type":"ListItem","position":2,"name":"Shop","item":"https:\/\/mio-site.de\/shop\/"},{"@type":"ListItem","position":3,"name":"[iOS only] Baby Blue Icon Pack\ud83e\ude75"}]},{"@type":"WebSite","@id":"https:\/\/mio-site.de\/#website","url":"https:\/\/mio-site.de\/","name":"Mio Online\u2122","description":"","publisher":{"@id":"https:\/\/mio-site.de\/#organization"},"alternateName":"Mio","potentialAction":[{"@type":"SearchAction","target":{"@type":"EntryPoint","urlTemplate":"https:\/\/mio-site.de\/?s={search_term_string}"},"query-input":{"@type":"PropertyValueSpecification","valueRequired":true,"valueName":"search_term_string"}}],"inLanguage":"en-US"},{"@type":"Organization","@id":"https:\/\/mio-site.de\/#organization","name":"Mio Online\u2122","alternateName":"Mio","url":"https:\/\/mio-site.de\/","logo":{"@type":"ImageObject","inLanguage":"en-US","@id":"https:\/\/mio-site.de\/#\/schema\/logo\/image\/","url":"https:\/\/mio-site.de\/wp-content\/uploads\/2025\/08\/cropped-Mio-Online-Banner-no-bg-scaled-1.png","contentUrl":"https:\/\/mio-site.de\/wp-content\/uploads\/2025\/08\/cropped-Mio-Online-Banner-no-bg-scaled-1.png","width":2560,"height":1280,"caption":"Mio Online\u2122"},"image":{"@id":"https:\/\/mio-site.de\/#\/schema\/logo\/image\/"}}]}},"_links":{"self":[{"href":"https:\/\/mio-site.de\/en_en\/wp-json\/wp\/v2\/product\/727","targetHints":{"allow":["GET"]}}],"collection":[{"href":"https:\/\/mio-site.de\/en_en\/wp-json\/wp\/v2\/product"}],"about":[{"href":"https:\/\/mio-site.de\/en_en\/wp-json\/wp\/v2\/types\/product"}],"replies":[{"embeddable":true,"href":"https:\/\/mio-site.de\/en_en\/wp-json\/wp\/v2\/comments?post=727"}],"wp:featuredmedia":[{"embeddable":true,"href":"https:\/\/mio-site.de\/en_en\/wp-json\/wp\/v2\/media\/729"}],"wp:attachment":[{"href":"https:\/\/mio-site.de\/en_en\/wp-json\/wp\/v2\/media?parent=727"}],"wp:term":[{"taxonomy":"product_brand","embeddable":true,"href":"https:\/\/mio-site.de\/en_en\/wp-json\/wp\/v2\/product_brand?post=727"},{"taxonomy":"product_cat","embeddable":true,"href":"https:\/\/mio-site.de\/en_en\/wp-json\/wp\/v2\/product_cat?post=727"},{"taxonomy":"product_tag","embeddable":true,"href":"https:\/\/mio-site.de\/en_en\/wp-json\/wp\/v2\/product_tag?post=727"}],"curies":[{"name":"wp","href":"https:\/\/api.w.org\/{rel}","templated":true}]}}